{"id":2379,"date":"2024-09-05T18:45:33","date_gmt":"2024-09-05T16:45:33","guid":{"rendered":"https:\/\/saracabello.fr\/?page_id=2379"},"modified":"2024-09-15T19:40:35","modified_gmt":"2024-09-15T17:40:35","slug":"qui-suis-je","status":"publish","type":"page","link":"https:\/\/saracabello.fr\/?page_id=2379","title":{"rendered":"Qui suis-je ?"},"content":{"rendered":"\n<figure class=\"wp-block-image alignright size-large is-resized is-style-default wp-duotone-unset-1\"><img data-recalc-dims=\"1\" loading=\"lazy\" decoding=\"async\" width=\"852\" height=\"1024\" src=\"https:\/\/i0.wp.com\/saracabello.fr\/wp-content\/uploads\/2024\/09\/IMG20210604123456-EDIT-852x1024.jpg?resize=852%2C1024&#038;ssl=1\" alt=\"\" class=\"wp-image-2486\" style=\"width:363px;height:auto\" srcset=\"https:\/\/i0.wp.com\/saracabello.fr\/wp-content\/uploads\/2024\/09\/IMG20210604123456-EDIT-scaled.jpg?resize=852%2C1024&amp;ssl=1 852w, https:\/\/i0.wp.com\/saracabello.fr\/wp-content\/uploads\/2024\/09\/IMG20210604123456-EDIT-scaled.jpg?resize=250%2C300&amp;ssl=1 250w, https:\/\/i0.wp.com\/saracabello.fr\/wp-content\/uploads\/2024\/09\/IMG20210604123456-EDIT-scaled.jpg?resize=768%2C923&amp;ssl=1 768w, https:\/\/i0.wp.com\/saracabello.fr\/wp-content\/uploads\/2024\/09\/IMG20210604123456-EDIT-scaled.jpg?resize=1278%2C1536&amp;ssl=1 1278w, https:\/\/i0.wp.com\/saracabello.fr\/wp-content\/uploads\/2024\/09\/IMG20210604123456-EDIT-scaled.jpg?resize=1704%2C2048&amp;ssl=1 1704w, https:\/\/i0.wp.com\/saracabello.fr\/wp-content\/uploads\/2024\/09\/IMG20210604123456-EDIT-scaled.jpg?resize=1000%2C1202&amp;ssl=1 1000w, https:\/\/i0.wp.com\/saracabello.fr\/wp-content\/uploads\/2024\/09\/IMG20210604123456-EDIT-scaled.jpg?resize=230%2C276&amp;ssl=1 230w, https:\/\/i0.wp.com\/saracabello.fr\/wp-content\/uploads\/2024\/09\/IMG20210604123456-EDIT-scaled.jpg?resize=350%2C421&amp;ssl=1 350w, https:\/\/i0.wp.com\/saracabello.fr\/wp-content\/uploads\/2024\/09\/IMG20210604123456-EDIT-scaled.jpg?resize=480%2C577&amp;ssl=1 480w\" sizes=\"(max-width: 852px) 100vw, 852px\" \/><\/figure>\n\n\n\n<p>Je suis&nbsp;<strong>Sara Cabello<\/strong>, psycho praticienne, coach certifi\u00e9e, alsacienne de c\u0153ur mais espagnole d\u2019origine. J&rsquo;ai pass\u00e9 30 ans dans des fonctions commerciales. <\/p>\n\n\n\n<p>Accompagner des personnes sur la route de la vie m\u2019a toujours anim\u00e9e. Quoi de plus \u00e9panouissant que d\u2019exercer le m\u00e9tier qui nous passionne.<\/p>\n\n\n\n<h4 class=\"wp-block-heading\">Ma formation<\/h4>\n\n\n\n<p>Je me suis form\u00e9e \u00e0 la&nbsp;<strong>psychoth\u00e9rapie par l\u2019analyse transactionnelle<\/strong>&nbsp;(Ecole d\u2019analyse transactionnelle Paris) et compl\u00e9t\u00e9 par une formation en<strong>&nbsp;coaching<\/strong>&nbsp;(Serenity Coach Institut Marseille). J\u2019 ai \u00e9tudier les techniques en terme de&nbsp;<strong>neurosciences<\/strong>&nbsp;(discipline qui \u00e9tudie le fonctionnement du cerveau, le pouvoir de la pens\u00e9e), la PNL.<\/p>\n\n\n\n<p>Je me suis sp\u00e9cialis\u00e9e dans la communication et les relations. J&rsquo;ai d\u00e9velopp\u00e9 un accompagnement original alliant les techniques de psychoth\u00e9rapie et de coaching. Ce que j&rsquo;offre c&rsquo;est bien plus que mon accompagnement, c&rsquo;est mon exp\u00e9rience de vie, mon expertise et mon \u00e9thique.<\/p>\n\n\n\n<p><\/p>\n\n\n<div class=\"wp-block-jetpack-contact-form\"><a href=\"https:\/\/saracabello.fr\/?page_id=2379\" target=\"_blank\" rel=\"noopener noreferrer\">Submit a form.<\/a><\/div>","protected":false},"excerpt":{"rendered":"<p>Je suis&nbsp;Sara Cabello, psycho praticienne, coach certifi\u00e9e, alsacienne de c\u0153ur mais espagnole d\u2019origine. J&rsquo;ai pass\u00e9 30 ans dans des fonctions commerciales. Accompagner [&hellip;]<\/p>\n","protected":false},"author":1,"featured_media":0,"parent":0,"menu_order":0,"comment_status":"closed","ping_status":"closed","template":"","meta":{"jetpack_post_was_ever_published":false,"footnotes":""},"class_list":["post-2379","page","type-page","status-publish","hentry"],"jetpack_sharing_enabled":true,"jetpack_likes_enabled":true,"jetpack-related-posts":[],"_links":{"self":[{"href":"https:\/\/saracabello.fr\/index.php?rest_route=\/wp\/v2\/pages\/2379"}],"collection":[{"href":"https:\/\/saracabello.fr\/index.php?rest_route=\/wp\/v2\/pages"}],"about":[{"href":"https:\/\/saracabello.fr\/index.php?rest_route=\/wp\/v2\/types\/page"}],"author":[{"embeddable":true,"href":"https:\/\/saracabello.fr\/index.php?rest_route=\/wp\/v2\/users\/1"}],"replies":[{"embeddable":true,"href":"https:\/\/saracabello.fr\/index.php?rest_route=%2Fwp%2Fv2%2Fcomments&post=2379"}],"version-history":[{"count":14,"href":"https:\/\/saracabello.fr\/index.php?rest_route=\/wp\/v2\/pages\/2379\/revisions"}],"predecessor-version":[{"id":2520,"href":"https:\/\/saracabello.fr\/index.php?rest_route=\/wp\/v2\/pages\/2379\/revisions\/2520"}],"wp:attachment":[{"href":"https:\/\/saracabello.fr\/index.php?rest_route=%2Fwp%2Fv2%2Fmedia&parent=2379"}],"curies":[{"name":"wp","href":"https:\/\/api.w.org\/{rel}","templated":true}]}}